{"id":2556,"date":"2025-03-14T12:01:21","date_gmt":"2025-03-14T11:01:21","guid":{"rendered":"https:\/\/darthbases.com\/about-us-2\/"},"modified":"2026-03-02T17:53:26","modified_gmt":"2026-03-02T16:53:26","slug":"about-us","status":"publish","type":"page","link":"https:\/\/darthbases.com\/es\/about-us\/","title":{"rendered":"Qui\u00e9nes somos"},"content":{"rendered":"<div class=\"wp-block-uagb-container uagb-block-77ef3999 alignfull uagb-is-root-container\"><div class=\"uagb-container-inner-blocks-wrap\">\n<div class=\"wp-block-uagb-container uagb-block-93b85568\"><\/div>\n\n\n\n<div class=\"wp-block-uagb-advanced-heading uagb-block-a0dfcabf\"><h2 class=\"uagb-heading-text\">Darth bases<\/h2><\/div>\n\n\n\n<div class=\"wp-block-uagb-advanced-heading uagb-block-63ffcb50\"><h4 class=\"uagb-heading-text\">Tu obra en el lugar que merece.<\/h4><\/div>\n\n\n\n<div class=\"wp-block-uagb-container uagb-block-4a9142bb\">\n<p class=\"has-text-align-center has-ast-global-color-4-color has-text-color has-link-color wp-elements-4b97b21f9d8bd7b103f5fc215651f3f2\" style=\"font-size:15px\">Este proyecto es el resultado de muchos a\u00f1os de experiencia en el mundo de las miniaturas y el modelismo, junto con una larga b\u00fasqueda de nuevas ideas y alternativas.<\/p>\n\n\n\n<p class=\"has-text-align-center has-ast-global-color-4-color has-text-color has-link-color wp-elements-ca28c2fe577bb67bcc074c7d94038b08\" style=\"font-size:15px\">Darth Bases es una colecci\u00f3n de soportes y bases de exposici\u00f3n creados por modelistas, para modelistas. Dise\u00f1amos cada pieza pensando en dioramas, maquetas y miniaturas, ofreciendo una presentaci\u00f3n elegante y profesional.<\/p>\n\n\n\n<p class=\"has-text-align-center\">Nuestro estilo es sobrio, elegante y minimalista. El acabado negro mate y las l\u00edneas limpias resaltan cada detalle de tu trabajo, manteniendo el foco donde debe estar: en la propia obra.<\/p>\n\n\n\n<p class=\"has-text-align-center\">Fabricamos todas nuestras bases y pedestales con MDF macizo de alta calidad y los acabamos con un revestimiento negro mate duradero y resistente a los ara\u00f1azos. La superficie lisa y uniforme resiste el manejo frecuente y los productos habituales del hobby, manteniendo un aspecto impecable con el paso del tiempo.<\/p>\n\n\n\n<p class=\"has-text-align-center has-ast-global-color-4-color has-text-color has-link-color wp-elements-4665ad9f4314ef5309255da21fb182e2\" style=\"font-size:15px\">Las almohadillas antideslizantes de silicona proporcionan estabilidad y protegen las superficies. La durabilidad, la funcionalidad y el dise\u00f1o se unen para colocar tu trabajo en el lugar que realmente se merece.<\/p>\n\n\n\n<p class=\"has-text-align-center has-ast-global-color-4-color has-text-color has-link-color wp-elements-4f0b23b70802646fec1f02b6184a47af\" style=\"font-size:15px\">Creemos que el modelismo es m\u00e1s que un hobby: es un arte.<\/p>\n\n\n\n<p class=\"has-text-align-center has-ast-global-color-4-color has-text-color has-link-color wp-elements-b24d8da5edff02287c51538fabfe0bf8\" style=\"font-size:15px\">Creemos algo extraordinario juntos.<\/p>\n<\/div>\n<\/div><\/div>","protected":false},"excerpt":{"rendered":"<p>Darth bases your artwork in the place it deserves This project is the result of many years of experience in the world of miniatures and modeling, along with a long search for new ideas and alternatives. Darth Bases is a collection of display stands and bases created by modelers, for modelers. We design each piece [&hellip;]<\/p>\n","protected":false},"author":1,"featured_media":0,"parent":0,"menu_order":0,"comment_status":"closed","ping_status":"closed","template":"","meta":{"_uag_custom_page_level_css":"","site-sidebar-layout":"no-sidebar","site-content-layout":"plain-container","ast-site-content-layout":"normal-width-container","site-content-style":"unboxed","site-sidebar-style":"unboxed","ast-global-header-display":"","ast-banner-title-visibility":"","ast-main-header-display":"","ast-hfb-above-header-display":"","ast-hfb-below-header-display":"","ast-hfb-mobile-header-display":"","site-post-title":"disabled","ast-breadcrumbs-content":"","ast-featured-img":"disabled","footer-sml-layout":"","ast-disable-related-posts":"","theme-transparent-header-meta":"enabled","adv-header-id-meta":"","stick-header-meta":"","header-above-stick-meta":"","header-main-stick-meta":"","header-below-stick-meta":"","astra-migrate-meta-layouts":"set","ast-page-background-enabled":"default","ast-page-background-meta":{"desktop":{"background-color":"","background-image":"","background-repeat":"repeat","background-position":"center center","background-size":"auto","background-attachment":"scroll","background-type":"","background-media":"","overlay-type":"","overlay-color":"","overlay-opacity":"","overlay-gradient":""},"tablet":{"background-color":"","background-image":"","background-repeat":"repeat","background-position":"center center","background-size":"auto","background-attachment":"scroll","background-type":"","background-media":"","overlay-type":"","overlay-color":"","overlay-opacity":"","overlay-gradient":""},"mobile":{"background-color":"","background-image":"","background-repeat":"repeat","background-position":"center center","background-size":"auto","background-attachment":"scroll","background-type":"","background-media":"","overlay-type":"","overlay-color":"","overlay-opacity":"","overlay-gradient":""}},"ast-content-background-meta":{"desktop":{"background-color":"var(--ast-global-color-5)","background-image":"","background-repeat":"repeat","background-position":"center center","background-size":"auto","background-attachment":"scroll","background-type":"","background-media":"","overlay-type":"","overlay-color":"","overlay-opacity":"","overlay-gradient":""},"tablet":{"background-color":"var(--ast-global-color-5)","background-image":"","background-repeat":"repeat","background-position":"center center","background-size":"auto","background-attachment":"scroll","background-type":"","background-media":"","overlay-type":"","overlay-color":"","overlay-opacity":"","overlay-gradient":""},"mobile":{"background-color":"var(--ast-global-color-5)","background-image":"","background-repeat":"repeat","background-position":"center center","background-size":"auto","background-attachment":"scroll","background-type":"","background-media":"","overlay-type":"","overlay-color":"","overlay-opacity":"","overlay-gradient":""}},"footnotes":""},"class_list":["post-2556","page","type-page","status-publish","hentry"],"yoast_head":"<!-- This site is optimized with the Yoast SEO plugin v27.3 - https:\/\/yoast.com\/product\/yoast-seo-wordpress\/ -->\n<title>About Darth Bases \u2013 Miniature Stands &amp; Bases<\/title>\n<meta name=\"description\" content=\"Darth Bases, creators of high-quality MDF bases and pedestals for miniatures and dioramas. Minimalist design, durable and elegant finishes.\" \/>\n<meta name=\"robots\" content=\"index, follow, max-snippet:-1, max-image-preview:large, max-video-preview:-1\" \/>\n<link rel=\"canonical\" href=\"https:\/\/darthbases.com\/es\/about-us\/\" \/>\n<meta property=\"og:locale\" content=\"es_ES\" \/>\n<meta property=\"og:type\" content=\"article\" \/>\n<meta property=\"og:title\" content=\"About Darth Bases \u2013 Miniature Stands &amp; Bases\" \/>\n<meta property=\"og:description\" content=\"Darth Bases, creators of high-quality MDF bases and pedestals for miniatures and dioramas. Minimalist design, durable and elegant finishes.\" \/>\n<meta property=\"og:url\" content=\"https:\/\/darthbases.com\/es\/about-us\/\" \/>\n<meta property=\"og:site_name\" content=\"Darth Bases\" \/>\n<meta property=\"article:modified_time\" content=\"2026-03-02T16:53:26+00:00\" \/>\n<meta property=\"og:image\" content=\"https:\/\/darthbases.com\/wp-content\/uploads\/2025\/08\/79-scaled.jpg\" \/>\n\t<meta property=\"og:image:width\" content=\"2560\" \/>\n\t<meta property=\"og:image:height\" content=\"1836\" \/>\n\t<meta property=\"og:image:type\" content=\"image\/jpeg\" \/>\n<meta name=\"twitter:card\" content=\"summary_large_image\" \/>\n<meta name=\"twitter:label1\" content=\"Tiempo de lectura\" \/>\n\t<meta name=\"twitter:data1\" content=\"1 minuto\" \/>\n<script type=\"application\/ld+json\" class=\"yoast-schema-graph\">{\"@context\":\"https:\\\/\\\/schema.org\",\"@graph\":[{\"@type\":[\"WebPage\",\"AboutPage\"],\"@id\":\"https:\\\/\\\/darthbases.com\\\/about-us\\\/\",\"url\":\"https:\\\/\\\/darthbases.com\\\/about-us\\\/\",\"name\":\"About Darth Bases \u2013 Miniature Stands & Bases\",\"isPartOf\":{\"@id\":\"https:\\\/\\\/darthbases.com\\\/#website\"},\"datePublished\":\"2025-03-14T11:01:21+00:00\",\"dateModified\":\"2026-03-02T16:53:26+00:00\",\"description\":\"Darth Bases, creators of high-quality MDF bases and pedestals for miniatures and dioramas. Minimalist design, durable and elegant finishes.\",\"breadcrumb\":{\"@id\":\"https:\\\/\\\/darthbases.com\\\/about-us\\\/#breadcrumb\"},\"inLanguage\":\"es\",\"potentialAction\":[{\"@type\":\"ReadAction\",\"target\":[\"https:\\\/\\\/darthbases.com\\\/about-us\\\/\"]}]},{\"@type\":\"BreadcrumbList\",\"@id\":\"https:\\\/\\\/darthbases.com\\\/about-us\\\/#breadcrumb\",\"itemListElement\":[{\"@type\":\"ListItem\",\"position\":1,\"name\":\"Home\",\"item\":\"https:\\\/\\\/darthbases.com\\\/\"},{\"@type\":\"ListItem\",\"position\":2,\"name\":\"about darth bases\"}]},{\"@type\":\"WebSite\",\"@id\":\"https:\\\/\\\/darthbases.com\\\/#website\",\"url\":\"https:\\\/\\\/darthbases.com\\\/\",\"name\":\"Darth Bases\",\"description\":\"Miniature stands and bases\",\"publisher\":{\"@id\":\"https:\\\/\\\/darthbases.com\\\/#organization\"},\"potentialAction\":[{\"@type\":\"SearchAction\",\"target\":{\"@type\":\"EntryPoint\",\"urlTemplate\":\"https:\\\/\\\/darthbases.com\\\/?s={search_term_string}\"},\"query-input\":{\"@type\":\"PropertyValueSpecification\",\"valueRequired\":true,\"valueName\":\"search_term_string\"}}],\"inLanguage\":\"es\"},{\"@type\":\"Organization\",\"@id\":\"https:\\\/\\\/darthbases.com\\\/#organization\",\"name\":\"Darth Bases\",\"url\":\"https:\\\/\\\/darthbases.com\\\/\",\"logo\":{\"@type\":\"ImageObject\",\"inLanguage\":\"es\",\"@id\":\"https:\\\/\\\/darthbases.com\\\/#\\\/schema\\\/logo\\\/image\\\/\",\"url\":\"https:\\\/\\\/darthbases.com\\\/wp-content\\\/uploads\\\/2026\\\/03\\\/cropped-fondo-negro-completo.jpg\",\"contentUrl\":\"https:\\\/\\\/darthbases.com\\\/wp-content\\\/uploads\\\/2026\\\/03\\\/cropped-fondo-negro-completo.jpg\",\"width\":2558,\"height\":1102,\"caption\":\"Darth Bases\"},\"image\":{\"@id\":\"https:\\\/\\\/darthbases.com\\\/#\\\/schema\\\/logo\\\/image\\\/\"},\"sameAs\":[\"https:\\\/\\\/www.instagram.com\\\/darthbases\\\/\"]}]}<\/script>\n<!-- \/ Yoast SEO plugin. -->","yoast_head_json":{"title":"About Darth Bases \u2013 Miniature Stands & Bases","description":"Darth Bases, creators of high-quality MDF bases and pedestals for miniatures and dioramas. Minimalist design, durable and elegant finishes.","robots":{"index":"index","follow":"follow","max-snippet":"max-snippet:-1","max-image-preview":"max-image-preview:large","max-video-preview":"max-video-preview:-1"},"canonical":"https:\/\/darthbases.com\/es\/about-us\/","og_locale":"es_ES","og_type":"article","og_title":"About Darth Bases \u2013 Miniature Stands & Bases","og_description":"Darth Bases, creators of high-quality MDF bases and pedestals for miniatures and dioramas. Minimalist design, durable and elegant finishes.","og_url":"https:\/\/darthbases.com\/es\/about-us\/","og_site_name":"Darth Bases","article_modified_time":"2026-03-02T16:53:26+00:00","og_image":[{"width":2560,"height":1836,"url":"https:\/\/darthbases.com\/wp-content\/uploads\/2025\/08\/79-scaled.jpg","type":"image\/jpeg"}],"twitter_card":"summary_large_image","twitter_misc":{"Tiempo de lectura":"1 minuto"},"schema":{"@context":"https:\/\/schema.org","@graph":[{"@type":["WebPage","AboutPage"],"@id":"https:\/\/darthbases.com\/about-us\/","url":"https:\/\/darthbases.com\/about-us\/","name":"About Darth Bases \u2013 Miniature Stands & Bases","isPartOf":{"@id":"https:\/\/darthbases.com\/#website"},"datePublished":"2025-03-14T11:01:21+00:00","dateModified":"2026-03-02T16:53:26+00:00","description":"Darth Bases, creators of high-quality MDF bases and pedestals for miniatures and dioramas. Minimalist design, durable and elegant finishes.","breadcrumb":{"@id":"https:\/\/darthbases.com\/about-us\/#breadcrumb"},"inLanguage":"es","potentialAction":[{"@type":"ReadAction","target":["https:\/\/darthbases.com\/about-us\/"]}]},{"@type":"BreadcrumbList","@id":"https:\/\/darthbases.com\/about-us\/#breadcrumb","itemListElement":[{"@type":"ListItem","position":1,"name":"Home","item":"https:\/\/darthbases.com\/"},{"@type":"ListItem","position":2,"name":"about darth bases"}]},{"@type":"WebSite","@id":"https:\/\/darthbases.com\/#website","url":"https:\/\/darthbases.com\/","name":"Darth Bases","description":"Miniature stands and bases","publisher":{"@id":"https:\/\/darthbases.com\/#organization"},"potentialAction":[{"@type":"SearchAction","target":{"@type":"EntryPoint","urlTemplate":"https:\/\/darthbases.com\/?s={search_term_string}"},"query-input":{"@type":"PropertyValueSpecification","valueRequired":true,"valueName":"search_term_string"}}],"inLanguage":"es"},{"@type":"Organization","@id":"https:\/\/darthbases.com\/#organization","name":"Darth Bases","url":"https:\/\/darthbases.com\/","logo":{"@type":"ImageObject","inLanguage":"es","@id":"https:\/\/darthbases.com\/#\/schema\/logo\/image\/","url":"https:\/\/darthbases.com\/wp-content\/uploads\/2026\/03\/cropped-fondo-negro-completo.jpg","contentUrl":"https:\/\/darthbases.com\/wp-content\/uploads\/2026\/03\/cropped-fondo-negro-completo.jpg","width":2558,"height":1102,"caption":"Darth Bases"},"image":{"@id":"https:\/\/darthbases.com\/#\/schema\/logo\/image\/"},"sameAs":["https:\/\/www.instagram.com\/darthbases\/"]}]}},"uagb_featured_image_src":{"full":false,"thumbnail":false,"medium":false,"medium_large":false,"large":false,"1536x1536":false,"2048x2048":false,"trp-custom-language-flag":false,"woocommerce_thumbnail":false,"woocommerce_single":false,"woocommerce_gallery_thumbnail":false},"uagb_author_info":{"display_name":"Daria","author_link":"https:\/\/darthbases.com\/es\/author\/willy-fog\/"},"uagb_comment_info":0,"uagb_excerpt":"Darth bases your artwork in the place it deserves This project is the result of many years of experience in the world of miniatures and modeling, along with a long search for new ideas and alternatives. Darth Bases is a collection of display stands and bases created by modelers, for modelers. We design each piece&hellip;","jetpack_sharing_enabled":true,"_links":{"self":[{"href":"https:\/\/darthbases.com\/es\/wp-json\/wp\/v2\/pages\/2556","targetHints":{"allow":["GET"]}}],"collection":[{"href":"https:\/\/darthbases.com\/es\/wp-json\/wp\/v2\/pages"}],"about":[{"href":"https:\/\/darthbases.com\/es\/wp-json\/wp\/v2\/types\/page"}],"author":[{"embeddable":true,"href":"https:\/\/darthbases.com\/es\/wp-json\/wp\/v2\/users\/1"}],"replies":[{"embeddable":true,"href":"https:\/\/darthbases.com\/es\/wp-json\/wp\/v2\/comments?post=2556"}],"version-history":[{"count":28,"href":"https:\/\/darthbases.com\/es\/wp-json\/wp\/v2\/pages\/2556\/revisions"}],"predecessor-version":[{"id":4146,"href":"https:\/\/darthbases.com\/es\/wp-json\/wp\/v2\/pages\/2556\/revisions\/4146"}],"wp:attachment":[{"href":"https:\/\/darthbases.com\/es\/wp-json\/wp\/v2\/media?parent=2556"}],"curies":[{"name":"wp","href":"https:\/\/api.w.org\/{rel}","templated":true}]}}